{"id":60,"date":"2020-08-10T16:26:48","date_gmt":"2020-08-10T14:26:48","guid":{"rendered":"http:\/\/register.my.plankpad.com\/?page_id=60"},"modified":"2020-12-08T13:11:50","modified_gmt":"2020-12-08T11:11:50","slug":"connect-your-mobile-device-with-the-tv","status":"publish","type":"page","link":"https:\/\/register.my.plankpad.com\/fr\/connect-your-mobile-device-with-the-tv\/","title":{"rendered":"Connectez votre appareil mobile au t\u00e9l\u00e9viseur"},"content":{"rendered":"<p>Il est amusant de connecter le smartphone ou la tablette au t\u00e9l\u00e9viseur intelligent pour jouer aux jeux Plankpad contre des amis et la famille. Nous vous recommandons d&rsquo;utiliser le Plankpad comme planche d&rsquo;\u00e9quilibre devant le t\u00e9l\u00e9viseur et non \u00e0 cause de votre posture de planche.<br \/>\nLes jeux de surf et de snowboard sont id\u00e9aux pour l&rsquo;\u00e9quilibrage, Duck Shoot pas forc\u00e9ment.<\/p>\n<p>Si vous ne poss\u00e9dez pas de Smart TV, vous pouvez utiliser des appareils externes pour rendre le t\u00e9l\u00e9viseur ordinaire \u00abSmart\u00bb. Vous avez besoin d&rsquo;appareils prenant en charge la duplication d&rsquo;\u00e9cran ou le couplage d&rsquo;\u00e9cran, tels que Apple TV, Google Chromecast, Amazon Fire Stick, &#8230;<\/p>\n<p>Pour connecter des appareils iOS \u00e0 Apple TV ou Smart TV compatible AirPlay 2:<br \/>\nConnectez les deux appareils au m\u00eame r\u00e9seau Wi-Fi, puis appuyez sur dans le Centre de contr\u00f4le de l&rsquo;appareil iOS sur \u00abSynchronisation de l&rsquo;\u00e9cran\u00bb.<\/p>\n<p>Pour connecter des appareils Android \u00e0 Chromecast:<br \/>\nConnectez les deux appareils au m\u00eame r\u00e9seau Wi-Fi et ouvrez l&rsquo;application Google Home sur le smartphone. Appuyez sur le Chromecast sur lequel vous souhaitez mettre en miroir votre smartphone et appuyez sur \u00abDiffuser mon \u00e9cran\u00bb.<\/p>\n<p>Avec autant de smartphones, de tablettes, de t\u00e9l\u00e9viseurs intelligents et d&rsquo;appareils diff\u00e9rents, nous ne pouvons pas fournir d&rsquo;instructions pour tous.<\/p>\n<p>Recherchez simplement sur Google ou YouTube pour obtenir des instructions sur la fa\u00e7on de mettre en miroir votre appareil sur le t\u00e9l\u00e9viseur intelligent.<\/p>\n<p>Vous pouvez \u00e9galement trouver diverses applications dans les magasins d&rsquo;applications qui permettent la synchronisation d&rsquo;\u00e9cran pour votre appareil.<\/p>\n<p><strong>Remarque:<\/strong> selon le mat\u00e9riel et la connexion WiFi, des retards entre les appareils peuvent se produire.<\/p>\n<p><\/p>","protected":false},"excerpt":{"rendered":"<p>Il est amusant de connecter le smartphone ou la tablette au t\u00e9l\u00e9viseur intelligent pour jouer aux jeux Plankpad contre des amis et la famille. Nous vous recommandons d&rsquo;utiliser le Plankpad comme planche d&rsquo;\u00e9quilibre devant le t\u00e9l\u00e9viseur et non \u00e0 cause de votre posture de planche. Les jeux de surf et de snowboard sont id\u00e9aux pour [&hellip;]<\/p>\n","protected":false},"author":2,"featured_media":0,"parent":0,"menu_order":0,"comment_status":"closed","ping_status":"closed","template":"tmp-tv.php","meta":[],"_links":{"self":[{"href":"https:\/\/register.my.plankpad.com\/fr\/wp-json\/wp\/v2\/pages\/60"}],"collection":[{"href":"https:\/\/register.my.plankpad.com\/fr\/wp-json\/wp\/v2\/pages"}],"about":[{"href":"https:\/\/register.my.plankpad.com\/fr\/wp-json\/wp\/v2\/types\/page"}],"author":[{"embeddable":true,"href":"https:\/\/register.my.plankpad.com\/fr\/wp-json\/wp\/v2\/users\/2"}],"replies":[{"embeddable":true,"href":"https:\/\/register.my.plankpad.com\/fr\/wp-json\/wp\/v2\/comments?post=60"}],"version-history":[{"count":18,"href":"https:\/\/register.my.plankpad.com\/fr\/wp-json\/wp\/v2\/pages\/60\/revisions"}],"predecessor-version":[{"id":83,"href":"https:\/\/register.my.plankpad.com\/fr\/wp-json\/wp\/v2\/pages\/60\/revisions\/83"}],"wp:attachment":[{"href":"https:\/\/register.my.plankpad.com\/fr\/wp-json\/wp\/v2\/media?parent=60"}],"curies":[{"name":"wp","href":"https:\/\/api.w.org\/{rel}","templated":true}]}}